{"id":464,"date":"2020-09-16T13:22:41","date_gmt":"2020-09-16T11:22:41","guid":{"rendered":"https:\/\/www.laradistribution.be\/?post_type=product&#038;p=464"},"modified":"2025-12-03T10:50:31","modified_gmt":"2025-12-03T09:50:31","slug":"nicolaus-vodka-extra-fine","status":"publish","type":"product","link":"https:\/\/laradistribution.be\/fr\/produit\/nicolaus-vodka-extra-fine\/","title":{"rendered":"St. Nicolaus Vodka Extra Fine 38%, 0,7l"},"content":{"rendered":"","protected":false},"excerpt":{"rendered":"<p><strong>LA VODKA SLOVAQUE LA PLUS POPULAIRE<br \/>\n<\/strong>Qu\u2019est-ce qui ne peut manquer \u00e0 aucune grande f\u00eate ? Exactement \u2013 la NICOLAUS EXTRA FINE VODKA ! Et savez-vous comment cette vodka slovaque incontournable pour les f\u00eates est produite ? Avec le meilleur alcool de grain et de l\u2019eau glaciale cristalline. Chaque goutte de Vodka Nicolaus passe ensuite \u00e0 travers 24 filtres uniques en argent actif. Pourquoi ? Pour cr\u00e9er le go\u00fbt extra d\u00e9licat de la Vodka Nicolaus \u2013 appr\u00e9ci\u00e9 tant en Slovaquie qu\u2019\u00e0 l\u2019\u00e9tranger.<\/p>\n<h2 class=\"elementor-heading-title elementor-size-default\">VODKA PAMPLEMOUSSE<\/h2>\n<p>6 cl de Nicolaus Extra Fine Vodka<br \/>\n10 cl de jus de pamplemousse<br \/>\nGlace<br \/>\n<strong>Garniture:<\/strong> Grapefruit, rosemary<br \/>\n<strong>Verre:<\/strong>\u00a0verre long drink<br \/>\n<strong><br \/>\n<em>Pr\u00e9paration:<\/em><\/strong><em>\u00a0Dans un verre long drink, m\u00e9langez la Vodka Nicolaus Extra Fine avec le jus et la glace. D\u00e9corez avec un morceau de pamplemousse et du romarin.<\/em><\/p>\n<h2 class=\"elementor-heading-title elementor-size-default\">PURPLE FIZZY<\/h2>\n<div class=\"elementor-column elementor-col-50 elementor-top-column elementor-element elementor-element-4712c872 ob-is-e3\" data-id=\"4712c872\" data-element_type=\"column\" data-settings=\"{&quot;_ob_bbad_is_stalker&quot;:&quot;no&quot;,&quot;_ob_teleporter_use&quot;:false,&quot;_ob_column_hoveranimator&quot;:&quot;no&quot;,&quot;_ob_column_has_pseudo&quot;:&quot;no&quot;}\">\n<div class=\"elementor-widget-wrap elementor-element-populated\">\n<div class=\"elementor-element elementor-element-652a6baa ob-harakiri-inherit ob-has-background-overlay elementor-widget elementor-widget-text-editor\" data-id=\"652a6baa\" data-element_type=\"widget\" data-settings=\"{&quot;_ob_harakiri_writing_mode&quot;:&quot;inherit&quot;,&quot;_ob_perspektive_use&quot;:&quot;no&quot;,&quot;_ob_poopart_use&quot;:&quot;yes&quot;,&quot;_ob_shadough_use&quot;:&quot;no&quot;,&quot;_ob_allow_hoveranimator&quot;:&quot;no&quot;,&quot;_ob_widget_stalker_use&quot;:&quot;no&quot;}\" data-widget_type=\"text-editor.default\">\n<div class=\"elementor-widget-container\">\n<p>5 cl de Nicolaus Extra Fine Vodka<br \/>\n2 cl de sirop de lavande<br \/>\n5 cl de Prosecco<br \/>\n10 cl de soda<br \/>\nGlace<br \/>\n<strong>Garniture:<\/strong>\u00a0Lavender<br \/>\n<strong>Verre:<\/strong>\u00a0verre \u00e0 vin<\/p>\n<p><em><strong>Pr\u00e9paration:<\/strong>\u00a0Pour all ingredients into a wine glass, add ice and soda, then\u00a0 mix. Garnish with lavender.<\/em><\/p>\n<h2>SKINNY BITCH<\/h2>\n<p>5 cl de Nicolaus Extra Fine Vodka<br \/>\nJus d\u2019\u00bd citron vert<br \/>\nSoda<br \/>\nGlace<br \/>\n<strong>Verre:<\/strong>\u00a0verre long drink<\/p>\n<p><em><strong>Pr\u00e9paration:<\/strong>\u00a0Versez la Vodka Nicolaus Extra Fine dans un verre long drink, ajoutez le jus de citron vert et la glace. Compl\u00e9tez avec le soda.<\/em><\/p>\n<h2 class=\"elementor-heading-title elementor-size-default\">SCREWDRIVER<\/h2>\n<div class=\"elementor-column elementor-col-50 elementor-top-column elementor-element elementor-element-1d57da6 ob-is-e3\" data-id=\"1d57da6\" data-element_type=\"column\" data-settings=\"{&quot;_ob_bbad_is_stalker&quot;:&quot;no&quot;,&quot;_ob_teleporter_use&quot;:false,&quot;_ob_column_hoveranimator&quot;:&quot;no&quot;,&quot;_ob_column_has_pseudo&quot;:&quot;no&quot;}\">\n<div class=\"elementor-widget-wrap elementor-element-populated\">\n<div class=\"elementor-element elementor-element-0282dff ob-harakiri-inherit ob-has-background-overlay elementor-widget elementor-widget-text-editor\" data-id=\"0282dff\" data-element_type=\"widget\" data-settings=\"{&quot;_ob_harakiri_writing_mode&quot;:&quot;inherit&quot;,&quot;_ob_perspektive_use&quot;:&quot;no&quot;,&quot;_ob_poopart_use&quot;:&quot;yes&quot;,&quot;_ob_shadough_use&quot;:&quot;no&quot;,&quot;_ob_allow_hoveranimator&quot;:&quot;no&quot;,&quot;_ob_widget_stalker_use&quot;:&quot;no&quot;}\" data-widget_type=\"text-editor.default\">\n<div class=\"elementor-widget-container\">\n<p>10 cl de Nicolaus Extra Fine Vodka<br \/>\n15 cl de jus d\u2019orange<br \/>\nGlace<br \/>\n<strong>Garniture:<\/strong>\u00a0Orange<br \/>\n<strong>Verre:<\/strong>\u00a0verre long drink<\/p>\n<p><em><strong>Pr\u00e9paration:<\/strong>\u00a0M\u00e9langez la Vodka Nicolaus Extra Fine avec le jus et la glace dans un verre long drink. D\u00e9corez avec un morceau d\u2019orange.<\/em><\/p>\n<\/div>\n<\/div>\n<\/div>\n<\/div>\n<\/div>\n<\/div>\n<\/div>\n<\/div>\n<p><iframe loading=\"lazy\" title=\"YouTube video player\" src=\"https:\/\/www.youtube.com\/embed\/79In-Aur434?si=SyIljcR4JDIN2SIY\" width=\"560\" height=\"315\" frameborder=\"0\" allowfullscreen=\"allowfullscreen\"><\/iframe><\/p>","protected":false},"featured_media":530,"template":"","meta":[],"product_brand":[],"product_cat":[536,519],"product_tag":[],"class_list":{"0":"post-464","1":"product","2":"type-product","3":"status-publish","4":"has-post-thumbnail","6":"product_cat-extra_fine","7":"product_cat-nicolaus","10":"instock","11":"featured","12":"shipping-taxable","13":"product-type-simple"},"_links":{"self":[{"href":"https:\/\/laradistribution.be\/fr\/wp-json\/wp\/v2\/product\/464","targetHints":{"allow":["GET"]}}],"collection":[{"href":"https:\/\/laradistribution.be\/fr\/wp-json\/wp\/v2\/product"}],"about":[{"href":"https:\/\/laradistribution.be\/fr\/wp-json\/wp\/v2\/types\/product"}],"wp:featuredmedia":[{"embeddable":true,"href":"https:\/\/laradistribution.be\/fr\/wp-json\/wp\/v2\/media\/530"}],"wp:attachment":[{"href":"https:\/\/laradistribution.be\/fr\/wp-json\/wp\/v2\/media?parent=464"}],"wp:term":[{"taxonomy":"product_brand","embeddable":true,"href":"https:\/\/laradistribution.be\/fr\/wp-json\/wp\/v2\/product_brand?post=464"},{"taxonomy":"product_cat","embeddable":true,"href":"https:\/\/laradistribution.be\/fr\/wp-json\/wp\/v2\/product_cat?post=464"},{"taxonomy":"product_tag","embeddable":true,"href":"https:\/\/laradistribution.be\/fr\/wp-json\/wp\/v2\/product_tag?post=464"}],"curies":[{"name":"wp","href":"https:\/\/api.w.org\/{rel}","templated":true}]}}