{"id":470,"date":"2020-09-16T13:41:44","date_gmt":"2020-09-16T11:41:44","guid":{"rendered":"https:\/\/www.laradistribution.be\/?post_type=product&#038;p=470"},"modified":"2025-12-03T10:30:12","modified_gmt":"2025-12-03T09:30:12","slug":"nicolaus-cranberry-vodka","status":"publish","type":"product","link":"https:\/\/laradistribution.be\/fr\/produit\/nicolaus-cranberry-vodka\/","title":{"rendered":"St. Nicolaus Cranberry Vodka 38%, 0,7l"},"content":{"rendered":"","protected":false},"excerpt":{"rendered":"<p><strong>Savourez le go\u00fbt original des canneberges<\/strong><\/p>\n<p>La r\u00e9gion de Cape Cod aux \u00c9tats-Unis est un important producteur de canneberges. Les canneberges provenant de cette r\u00e9gion fertile donnent \u00e0 la Vodka Nicolaus Canneberge son go\u00fbt caract\u00e9ristique. Profitez de sa saveur et de son ar\u00f4me naturels.<\/p>\n<h2 class=\"elementor-heading-title elementor-size-default\">BERRYOSKA<\/h2>\n<p>6 cl de Vodka Nicolaus Canneberge<br \/>\nJus d\u2019un demi-citron vert<br \/>\nM\u00e9lange de baies des bois (congel\u00e9es)<br \/>\nGlace<br \/>\n<strong>Verre:<\/strong>\u00a0verre \u00e0 whisky<br \/>\n<em><strong><br \/>\nPr\u00e9paration:<\/strong>\u00a0Mettez tous les ingr\u00e9dients dans un verre \u00e0 whisky et remuez jusqu\u2019\u00e0 ce que la glace fonde suffisamment pour constituer le volume du liquide du drink.<\/em><\/p>\n<h2 class=\"elementor-heading-title elementor-size-default\">CRANBERRY DRINK<\/h2>\n<p>4 cl de Vodka Nicolaus Canneberge<br \/>\n1 cl de jus de citron vert<br \/>\nJus de canneberge<br \/>\nSoda<br \/>\nGlace<br \/>\n<strong>Garniture:<\/strong>\u00a0citron vert, framboises<br \/>\n<strong>Verre:<\/strong>\u00a0verre long drink<\/p>\n<p><em><strong>Pr\u00e9paration:<\/strong>\u00a0Versez la Vodka Nicolaus Canneberge dans un verre long drink, ajoutez le jus de citron vert, la glace, puis compl\u00e9tez avec le jus de canneberge et le soda selon votre go\u00fbt. D\u00e9corez avec du citron vert et des framboises.<\/em><\/p>\n<p><iframe loading=\"lazy\" title=\"YouTube video player\" src=\"https:\/\/www.youtube.com\/embed\/sC9tXC2f9A4?si=EHrzOPNa1Cq7nIpf\" width=\"560\" height=\"315\" frameborder=\"0\" allowfullscreen=\"allowfullscreen\"><\/iframe><\/p>","protected":false},"featured_media":521,"template":"","meta":[],"product_brand":[],"product_cat":[537,519],"product_tag":[],"class_list":{"0":"post-470","1":"product","2":"type-product","3":"status-publish","4":"has-post-thumbnail","6":"product_cat-extra_flavoured","7":"product_cat-nicolaus","10":"instock","11":"shipping-taxable","12":"product-type-simple"},"_links":{"self":[{"href":"https:\/\/laradistribution.be\/fr\/wp-json\/wp\/v2\/product\/470","targetHints":{"allow":["GET"]}}],"collection":[{"href":"https:\/\/laradistribution.be\/fr\/wp-json\/wp\/v2\/product"}],"about":[{"href":"https:\/\/laradistribution.be\/fr\/wp-json\/wp\/v2\/types\/product"}],"wp:featuredmedia":[{"embeddable":true,"href":"https:\/\/laradistribution.be\/fr\/wp-json\/wp\/v2\/media\/521"}],"wp:attachment":[{"href":"https:\/\/laradistribution.be\/fr\/wp-json\/wp\/v2\/media?parent=470"}],"wp:term":[{"taxonomy":"product_brand","embeddable":true,"href":"https:\/\/laradistribution.be\/fr\/wp-json\/wp\/v2\/product_brand?post=470"},{"taxonomy":"product_cat","embeddable":true,"href":"https:\/\/laradistribution.be\/fr\/wp-json\/wp\/v2\/product_cat?post=470"},{"taxonomy":"product_tag","embeddable":true,"href":"https:\/\/laradistribution.be\/fr\/wp-json\/wp\/v2\/product_tag?post=470"}],"curies":[{"name":"wp","href":"https:\/\/api.w.org\/{rel}","templated":true}]}}