{"id":474,"date":"2020-09-16T18:00:40","date_gmt":"2020-09-16T16:00:40","guid":{"rendered":"https:\/\/www.laradistribution.be\/?post_type=product&#038;p=474"},"modified":"2025-12-03T10:32:53","modified_gmt":"2025-12-03T09:32:53","slug":"nicolaus-lime-vodka","status":"publish","type":"product","link":"https:\/\/laradistribution.be\/fr\/produit\/nicolaus-lime-vodka\/","title":{"rendered":"St. Nicolaus Lime Vodka 38%, 0,7l"},"content":{"rendered":"","protected":false},"excerpt":{"rendered":"<p><strong>Rafra\u00eechissez-vous avec du citron vert juteux<\/strong><\/p>\n<p>Seuls les meilleurs citrons verts du Br\u00e9sil, du Paraguay, du P\u00e9rou et du Mexique apportent \u00e0 la Vodka Nicolaus Citron Vert leur ar\u00f4me et leur go\u00fbt. Parfaite pour ceux qui aiment les saveurs fra\u00eeches et naturelles. Choisissez parmi une large gamme de contenances.<\/p>\n<h2 class=\"elementor-heading-title elementor-size-default\">COSMOPOLITAN<\/h2>\n<p>5 cl de Vodka Nicolaus Citron Vert<br \/>\n2 cl de Triple sec \/ Cointreau<br \/>\n6 cl de jus de canneberge<br \/>\ncitron vert<br \/>\nGlace<br \/>\n<strong>Garniture:<\/strong>\u00a0Lime<br \/>\n<strong>Verre:<\/strong>\u00a0verre \u00e0 martini<\/p>\n<p><em><strong>Pr\u00e9paration:<\/strong>\u00a0M\u00e9langez tous les ingr\u00e9dients dans un shaker et servez dans un verre \u00e0 martini pr\u00e9alablement refroidi. D\u00e9corez avec du citron vert.<\/em><\/p>\n<h2 class=\"elementor-heading-title elementor-size-default\">LIME VODKA SODA<\/h2>\n<p>4 cl de Vodka Nicolaus Citron Vert<br \/>\n1 cl de sirop de sucre<br \/>\n1 cl de jus de citron vert<br \/>\nSoda<br \/>\nGlace<br \/>\n<strong>Garniture:<\/strong>\u00a0citron vert, citron, zeste de citron<br \/>\n<strong>Verre:<\/strong>\u00a0verre long drink<\/p>\n<p><em><strong>Pr\u00e9paration:<\/strong>\u00a0Versez la Vodka Nicolaus Citron Vert dans un verre long drink, ajoutez le sirop de sucre, le jus de citron vert et la glace. Compl\u00e9tez avec le soda et d\u00e9corez avec du citron vert, du citron et un zeste de citron.<\/em><\/p>\n<p><iframe loading=\"lazy\" title=\"YouTube video player\" src=\"https:\/\/www.youtube.com\/embed\/N-3msOpTS4k?si=x_LQYtJ3-ZqBEdmd\" width=\"560\" height=\"315\" frameborder=\"0\" allowfullscreen=\"allowfullscreen\"><\/iframe><\/p>","protected":false},"featured_media":522,"template":"","meta":[],"product_brand":[],"product_cat":[537,519],"product_tag":[],"class_list":{"0":"post-474","1":"product","2":"type-product","3":"status-publish","4":"has-post-thumbnail","6":"product_cat-extra_flavoured","7":"product_cat-nicolaus","10":"instock","11":"shipping-taxable","12":"product-type-simple"},"_links":{"self":[{"href":"https:\/\/laradistribution.be\/fr\/wp-json\/wp\/v2\/product\/474","targetHints":{"allow":["GET"]}}],"collection":[{"href":"https:\/\/laradistribution.be\/fr\/wp-json\/wp\/v2\/product"}],"about":[{"href":"https:\/\/laradistribution.be\/fr\/wp-json\/wp\/v2\/types\/product"}],"wp:featuredmedia":[{"embeddable":true,"href":"https:\/\/laradistribution.be\/fr\/wp-json\/wp\/v2\/media\/522"}],"wp:attachment":[{"href":"https:\/\/laradistribution.be\/fr\/wp-json\/wp\/v2\/media?parent=474"}],"wp:term":[{"taxonomy":"product_brand","embeddable":true,"href":"https:\/\/laradistribution.be\/fr\/wp-json\/wp\/v2\/product_brand?post=474"},{"taxonomy":"product_cat","embeddable":true,"href":"https:\/\/laradistribution.be\/fr\/wp-json\/wp\/v2\/product_cat?post=474"},{"taxonomy":"product_tag","embeddable":true,"href":"https:\/\/laradistribution.be\/fr\/wp-json\/wp\/v2\/product_tag?post=474"}],"curies":[{"name":"wp","href":"https:\/\/api.w.org\/{rel}","templated":true}]}}