{"id":477,"date":"2020-09-16T18:10:59","date_gmt":"2020-09-16T16:10:59","guid":{"rendered":"https:\/\/www.laradistribution.be\/?post_type=product&#038;p=477"},"modified":"2025-12-03T10:34:45","modified_gmt":"2025-12-03T09:34:45","slug":"nicolaus-blcurrant","status":"publish","type":"product","link":"https:\/\/laradistribution.be\/fr\/produit\/nicolaus-blcurrant\/","title":{"rendered":"St. Nicolaus Blackcurrant Vodka 38%, 0,7l"},"content":{"rendered":"","protected":false},"excerpt":{"rendered":"<p><strong>Laissez-vous surprendre par une explosion de cassis !<\/strong><\/p>\n<p>Vous connaissez le go\u00fbt et l\u2019ar\u00f4me du cassis. Mais les avez-vous d\u00e9j\u00e0 go\u00fbt\u00e9s dans la Vodka Nicolaus Cassis ?<\/p>\n<h2 class=\"elementor-heading-title elementor-size-default\">BLACK VODKAJITO<\/h2>\n<p>6 cl de Vodka Nicolaus Cassis<br \/>\nSucre de canne<br \/>\nSoda<br \/>\nGlace<br \/>\n<strong>Garniture:<\/strong>\u00a0m\u00fbres, myrtilles, menthe, citron vert<br \/>\n<strong>Verre:<\/strong>\u00a0verre long drink<br \/>\n<em><strong><br \/>\nPr\u00e9paration:<\/strong>\u00a0Versez la Vodka Nicolaus Cassis dans un verre long drink, ajoutez le sucre de canne selon votre go\u00fbt, des rondelles de citron vert et un peu de jus de citron vert. Ajoutez la glace, compl\u00e9tez avec le soda et m\u00e9langez. D\u00e9corez avec les m\u00fbres, myrtilles, menthe et citron vert.<\/em><\/p>\n<h2 class=\"elementor-heading-title elementor-size-default\">BLACK LIME VODKA<\/h2>\n<p>4 cl de Vodka Nicolaus Cassis<br \/>\n1 cl de jus de citron vert<br \/>\n10 cl de jus de cassis<br \/>\nGlace<br \/>\n<strong>Garniture:<\/strong>\u00a0menthe, m\u00fbre<br \/>\n<strong>Verre:<\/strong>\u00a0verre long drink<\/p>\n<p><em><strong>Pr\u00e9paration:<\/strong>\u00a0Versez tous les ingr\u00e9dients dans un verre long drink et m\u00e9langez soigneusement. D\u00e9corez avec de la menthe et des m\u00fbres.<\/em><\/p>\n<p><iframe loading=\"lazy\" title=\"YouTube video player\" src=\"https:\/\/www.youtube.com\/embed\/fSCKx-G6xF4?si=z7oJ551W2aBqPGKy\" width=\"560\" height=\"315\" frameborder=\"0\" allowfullscreen=\"allowfullscreen\"><\/iframe><\/p>","protected":false},"featured_media":520,"template":"","meta":[],"product_brand":[],"product_cat":[537,519],"product_tag":[],"class_list":{"0":"post-477","1":"product","2":"type-product","3":"status-publish","4":"has-post-thumbnail","6":"product_cat-extra_flavoured","7":"product_cat-nicolaus","10":"instock","11":"shipping-taxable","12":"product-type-simple"},"_links":{"self":[{"href":"https:\/\/laradistribution.be\/fr\/wp-json\/wp\/v2\/product\/477","targetHints":{"allow":["GET"]}}],"collection":[{"href":"https:\/\/laradistribution.be\/fr\/wp-json\/wp\/v2\/product"}],"about":[{"href":"https:\/\/laradistribution.be\/fr\/wp-json\/wp\/v2\/types\/product"}],"wp:featuredmedia":[{"embeddable":true,"href":"https:\/\/laradistribution.be\/fr\/wp-json\/wp\/v2\/media\/520"}],"wp:attachment":[{"href":"https:\/\/laradistribution.be\/fr\/wp-json\/wp\/v2\/media?parent=477"}],"wp:term":[{"taxonomy":"product_brand","embeddable":true,"href":"https:\/\/laradistribution.be\/fr\/wp-json\/wp\/v2\/product_brand?post=477"},{"taxonomy":"product_cat","embeddable":true,"href":"https:\/\/laradistribution.be\/fr\/wp-json\/wp\/v2\/product_cat?post=477"},{"taxonomy":"product_tag","embeddable":true,"href":"https:\/\/laradistribution.be\/fr\/wp-json\/wp\/v2\/product_tag?post=477"}],"curies":[{"name":"wp","href":"https:\/\/api.w.org\/{rel}","templated":true}]}}