{"id":483,"date":"2020-09-16T18:23:49","date_gmt":"2020-09-16T16:23:49","guid":{"rendered":"https:\/\/www.laradistribution.be\/?post_type=product&#038;p=483"},"modified":"2025-12-03T10:25:17","modified_gmt":"2025-12-03T09:25:17","slug":"nicolaus-melon","status":"publish","type":"product","link":"https:\/\/laradistribution.be\/fr\/produit\/nicolaus-melon\/","title":{"rendered":"St. Nicolaus Melon Vodka 38%, 0,7l"},"content":{"rendered":"","protected":false},"excerpt":{"rendered":"<p><strong>Savourez le go\u00fbt tropical du melon<\/strong><\/p>\n<p>Envie de quelque chose de sucr\u00e9 et rafra\u00eechissant ? Alors vous allez adorer la Vodka Nicolaus Melon. Son go\u00fbt et son ar\u00f4me naturels proviennent des melons espagnols r\u00e9colt\u00e9s \u00e0 pleine maturit\u00e9.<\/p>\n<h2 class=\"elementor-heading-title elementor-size-default\">WATERMELON NICOLAUS MULE<\/h2>\n<p>6 cl de Vodka Nicolaus Melon<br \/>\n2 cl de jus de citron<br \/>\nMelon \u00e9cras\u00e9<br \/>\nGinger Ale<br \/>\nGlace<br \/>\n<strong>Garniture:<\/strong>\u00a0gingembre<br \/>\n<strong>Verre:<\/strong>\u00a0verre \u00e0 whisky<\/p>\n<p><em><strong>Pr\u00e9paration:<\/strong>\u00a0Ajoutez des morceaux de past\u00e8que rouge, le jus de citron et le melon \u00e9cras\u00e9 dans un verre \u00e0 whisky. Ajoutez la Vodka Nicolaus Melon, la glace et compl\u00e9tez avec le Ginger Ale. D\u00e9corez avec une tranche de gingembre.<\/em><\/p>\n<h2 class=\"elementor-heading-title elementor-size-default\">WATERMELON VODKA SLUSHIE<\/h2>\n<p>6 cl de Vodka Nicolaus Melon<br \/>\nJus d\u2019\u00bd citron vert<br \/>\n2 cl de sirop de sucre<br \/>\nMelon rouge<br \/>\nGlace<br \/>\n<strong>Garniture:<\/strong>\u00a0melon, menthe<br \/>\n<strong>Verre:<\/strong>\u00a0verre \u00e0 martini<\/p>\n<p><em><strong>Pr\u00e9paration:<\/strong>\u00a0Dans un mixeur, m\u00e9langez soigneusement tous les ingr\u00e9dients. Servez dans des verres \u00e0 martini garnis de tranches de melon et de menthe.<\/em><\/p>","protected":false},"featured_media":524,"template":"","meta":[],"product_brand":[],"product_cat":[537,519],"product_tag":[],"class_list":{"0":"post-483","1":"product","2":"type-product","3":"status-publish","4":"has-post-thumbnail","6":"product_cat-extra_flavoured","7":"product_cat-nicolaus","10":"instock","11":"shipping-taxable","12":"product-type-simple"},"_links":{"self":[{"href":"https:\/\/laradistribution.be\/fr\/wp-json\/wp\/v2\/product\/483","targetHints":{"allow":["GET"]}}],"collection":[{"href":"https:\/\/laradistribution.be\/fr\/wp-json\/wp\/v2\/product"}],"about":[{"href":"https:\/\/laradistribution.be\/fr\/wp-json\/wp\/v2\/types\/product"}],"wp:featuredmedia":[{"embeddable":true,"href":"https:\/\/laradistribution.be\/fr\/wp-json\/wp\/v2\/media\/524"}],"wp:attachment":[{"href":"https:\/\/laradistribution.be\/fr\/wp-json\/wp\/v2\/media?parent=483"}],"wp:term":[{"taxonomy":"product_brand","embeddable":true,"href":"https:\/\/laradistribution.be\/fr\/wp-json\/wp\/v2\/product_brand?post=483"},{"taxonomy":"product_cat","embeddable":true,"href":"https:\/\/laradistribution.be\/fr\/wp-json\/wp\/v2\/product_cat?post=483"},{"taxonomy":"product_tag","embeddable":true,"href":"https:\/\/laradistribution.be\/fr\/wp-json\/wp\/v2\/product_tag?post=483"}],"curies":[{"name":"wp","href":"https:\/\/api.w.org\/{rel}","templated":true}]}}