{"id":487,"date":"2020-09-16T18:27:47","date_gmt":"2020-09-16T16:27:47","guid":{"rendered":"https:\/\/www.laradistribution.be\/?post_type=product&#038;p=487"},"modified":"2025-12-03T10:28:00","modified_gmt":"2025-12-03T09:28:00","slug":"nicolaus-peach","status":"publish","type":"product","link":"https:\/\/laradistribution.be\/fr\/produit\/nicolaus-peach\/","title":{"rendered":"St. Nicolaus Peach Vodka 38%, 0,7l"},"content":{"rendered":"","protected":false},"excerpt":{"rendered":"<p><strong>Retrouvez le go\u00fbt juteux<\/strong><\/p>\n<p>La traditionnelle Vodka Nicolaus P\u00eache est de retour ! Le m\u00eame go\u00fbt que vous connaissiez, maintenant dans un design nouveau et encore plus frais. Rappelez-vous le go\u00fbt sucr\u00e9 et juteux et l\u2019ar\u00f4me des p\u00eaches r\u00e9colt\u00e9es \u00e0 maturit\u00e9, ou d\u00e9couvrez de nouvelles saveurs. \u00c0 vous de choisir.<\/p>\n<h2 class=\"elementor-heading-title elementor-size-default\">PEACH PROSECCO SPRITZ<\/h2>\n<p>3 cl de Vodka Nicolaus P\u00eache<br \/>\n1,5 cl de sirop de fleurs de sureau<br \/>\nVin p\u00e9tillant \/ Prosecco<br \/>\nSoda<br \/>\nGlace<br \/>\n<strong>Garniture:<\/strong>\u00a0p\u00eache, menthe<br \/>\n<strong>Verre:<\/strong>\u00a0verre \u00e0 vin<\/p>\n<p><em><strong>Pr\u00e9paration:<\/strong>\u00a0Versez la Vodka Nicolaus P\u00eache dans un verre \u00e0 vin, ajoutez le sirop de base, la glace, puis le vin p\u00e9tillant\/prosecco et le soda selon votre go\u00fbt. D\u00e9corez avec de la p\u00eache et de la menthe.<\/em><\/p>\n<h2 class=\"elementor-heading-title elementor-size-default\">PEACH VODKA FIZZ<\/h2>\n<p>4 cl de Vodka Nicolaus P\u00eache<br \/>\n1.5 cl Lemon juice<br \/>\nSoda<br \/>\nGlace<br \/>\n<strong>Garniture:<\/strong>\u00a0citron, p\u00eache<br \/>\n<strong>Verre:<\/strong>\u00a0verre long drink<\/p>\n<p><em><strong>Pr\u00e9paration:<\/strong>\u00a0Versez la Vodka Nicolaus P\u00eache dans un verre long drink, ajoutez le jus de citron et la glace, puis compl\u00e9tez avec le soda. D\u00e9corez avec du citron et de la p\u00eache.<\/em><\/p>\n<p><iframe loading=\"lazy\" title=\"YouTube video player\" src=\"https:\/\/www.youtube.com\/embed\/ttxiOKVbnEI?si=tBhiJYz8xJtl-Kze\" width=\"560\" height=\"315\" frameborder=\"0\" allowfullscreen=\"allowfullscreen\"><\/iframe><\/p>","protected":false},"featured_media":525,"template":"","meta":[],"product_brand":[],"product_cat":[537,519],"product_tag":[],"class_list":{"0":"post-487","1":"product","2":"type-product","3":"status-publish","4":"has-post-thumbnail","6":"product_cat-extra_flavoured","7":"product_cat-nicolaus","10":"instock","11":"shipping-taxable","12":"product-type-simple"},"_links":{"self":[{"href":"https:\/\/laradistribution.be\/fr\/wp-json\/wp\/v2\/product\/487","targetHints":{"allow":["GET"]}}],"collection":[{"href":"https:\/\/laradistribution.be\/fr\/wp-json\/wp\/v2\/product"}],"about":[{"href":"https:\/\/laradistribution.be\/fr\/wp-json\/wp\/v2\/types\/product"}],"wp:featuredmedia":[{"embeddable":true,"href":"https:\/\/laradistribution.be\/fr\/wp-json\/wp\/v2\/media\/525"}],"wp:attachment":[{"href":"https:\/\/laradistribution.be\/fr\/wp-json\/wp\/v2\/media?parent=487"}],"wp:term":[{"taxonomy":"product_brand","embeddable":true,"href":"https:\/\/laradistribution.be\/fr\/wp-json\/wp\/v2\/product_brand?post=487"},{"taxonomy":"product_cat","embeddable":true,"href":"https:\/\/laradistribution.be\/fr\/wp-json\/wp\/v2\/product_cat?post=487"},{"taxonomy":"product_tag","embeddable":true,"href":"https:\/\/laradistribution.be\/fr\/wp-json\/wp\/v2\/product_tag?post=487"}],"curies":[{"name":"wp","href":"https:\/\/api.w.org\/{rel}","templated":true}]}}