{"id":953,"date":"2025-12-03T11:57:04","date_gmt":"2025-12-03T10:57:04","guid":{"rendered":"https:\/\/laradistribution.be\/?post_type=product&#038;p=953"},"modified":"2026-01-20T20:10:11","modified_gmt":"2026-01-20T19:10:11","slug":"timon","status":"publish","type":"product","link":"https:\/\/laradistribution.be\/fr\/produit\/timon\/","title":{"rendered":"TIM\u014cN 40% 0,7l"},"content":{"rendered":"","protected":false},"excerpt":{"rendered":"<p data-start=\"113\" data-end=\"423\" class=\"translation-block\">L\u2019histoire du rhum <strong>TIM\u014cN<\/strong> commence en espagnol : Toma el tim\u00f3n y descubre \u2013 Prends la barre et pars \u00e0 la d\u00e9couverte. <strong>TIM\u014cN<\/strong>, qui signifie \u201cbarre\u201d en slovaque, incarne un assemblage remarquablement \u00e9quilibr\u00e9 de rhums de R\u00e9publique dominicaine, du Nicaragua et du Venezuela, r\u00e9v\u00e9lant le v\u00e9ritable esprit aventurier des Cara\u00efbes \u00e0 tous les amateurs de rhum.<\/p>\n<p data-start=\"425\" data-end=\"1048\" class=\"translation-block\"><strong>TIM\u014cN<\/strong> est un blend de rhums carib\u00e9ens qui d\u00e9voile un agr\u00e9able ar\u00f4me de banane bien m\u00fbre, associ\u00e9 \u00e0 un biscuit beurr\u00e9 et au caramel, le tout rehauss\u00e9 de d\u00e9licates notes de vanille. En bouche, il surprend agr\u00e9ablement par la douceur de la canne \u00e0 sucre et la fra\u00eecheur juteuse des fruits des Cara\u00efbes. Ce rhum se distingue non seulement par son go\u00fbt exceptionnel, mais aussi par un design qui refl\u00e8te parfaitement son exclusivit\u00e9. Une bouteille robuste au fond massif, d\u00e9cor\u00e9e de v\u00e9ritable or, lui conf\u00e8re \u00e9l\u00e9gance et singularit\u00e9. Chaque bouteille est soigneusement remplie \u00e0 la main et scell\u00e9e avec un bouchon massif en li\u00e8ge portugais de haute qualit\u00e9. Salud ! \u00c0 votre sant\u00e9 !<\/p>","protected":false},"featured_media":957,"template":"","meta":[],"product_brand":[],"product_cat":[549],"product_tag":[],"class_list":{"0":"post-953","1":"product","2":"type-product","3":"status-publish","4":"has-post-thumbnail","6":"product_cat-rum","9":"instock","10":"shipping-taxable","11":"product-type-simple"},"_links":{"self":[{"href":"https:\/\/laradistribution.be\/fr\/wp-json\/wp\/v2\/product\/953","targetHints":{"allow":["GET"]}}],"collection":[{"href":"https:\/\/laradistribution.be\/fr\/wp-json\/wp\/v2\/product"}],"about":[{"href":"https:\/\/laradistribution.be\/fr\/wp-json\/wp\/v2\/types\/product"}],"wp:featuredmedia":[{"embeddable":true,"href":"https:\/\/laradistribution.be\/fr\/wp-json\/wp\/v2\/media\/957"}],"wp:attachment":[{"href":"https:\/\/laradistribution.be\/fr\/wp-json\/wp\/v2\/media?parent=953"}],"wp:term":[{"taxonomy":"product_brand","embeddable":true,"href":"https:\/\/laradistribution.be\/fr\/wp-json\/wp\/v2\/product_brand?post=953"},{"taxonomy":"product_cat","embeddable":true,"href":"https:\/\/laradistribution.be\/fr\/wp-json\/wp\/v2\/product_cat?post=953"},{"taxonomy":"product_tag","embeddable":true,"href":"https:\/\/laradistribution.be\/fr\/wp-json\/wp\/v2\/product_tag?post=953"}],"curies":[{"name":"wp","href":"https:\/\/api.w.org\/{rel}","templated":true}]}}