{"id":966,"date":"2025-12-03T15:59:00","date_gmt":"2025-12-03T14:59:00","guid":{"rendered":"https:\/\/laradistribution.be\/?post_type=product&#038;p=966"},"modified":"2025-12-03T16:09:05","modified_gmt":"2025-12-03T15:09:05","slug":"vodka_savage_rabbit","status":"publish","type":"product","link":"https:\/\/laradistribution.be\/fr\/produit\/vodka_savage_rabbit\/","title":{"rendered":"Vodka Savage Rabbit 40%, 0,7l"},"content":{"rendered":"","protected":false},"excerpt":{"rendered":"<p><strong>ULTRA PURE VODKA \u2013 N\u00e9e de l\u2019esprit indompt\u00e9 des Tatras<\/strong><\/p>\n<p class=\"translation-block\">Originaire des montagnes des Tatras en Slovaquie, berceau de la vodka traditionnelle de l\u2019Ancien Monde, Savage Rabbit incarne l\u2019essence de ce paysage immacul\u00e9.\nLes Tatras, avec leurs panoramas alpins saisissants, leurs sommets imposants, leurs vall\u00e9es profondes et leurs lacs glaciaires parmi les plus purs, offrent une nature d\u2019une extraordinaire puret\u00e9. C\u2019est cette puret\u00e9 qui donne vie \u00e0 Savage Rabbit, conf\u00e9rant \u00e0 notre vodka une douceur exceptionnelle.\n\nConnues non seulement pour leur eau cristalline, les montagnes des Tatras abritent \u00e9galement une piste de ski de 6 km ainsi que des sentiers de randonn\u00e9e riches en sensations pour les esprits aventuriers.\nDe cette source d\u2019eau remarquable et de cette beaut\u00e9 \u00e0 couper le souffle na\u00eet Savage Rabbit \u2013 une vodka d\u2019un savoir-faire raffin\u00e9 et d\u2019un esprit indompt\u00e9.\n\nNotre vodka est refroidie \u00e0 \u20133 \u00b0C avant la filtration, facilitant l\u2019\u00e9limination des impuret\u00e9s et offrant un go\u00fbt d\u2019une finesse exceptionnelle. La m\u00e9thode de filtration minutieuse, faisant intervenir le charbon, l\u2019argent et le platine, garantit un niveau de puret\u00e9 incomparable.\n\nSavage Rabbit est n\u00e9e au c\u0153ur des Tatras, embrassant ce terroir naturel pour cr\u00e9er l\u2019alliance parfaite entre puret\u00e9 et aventure. Mais comme tout lapin, Savage Rabbit est curieuse et sociable par nature, avec un besoin inn\u00e9 d\u2019explorer.<\/p>\n<p><strong><strong>Pr\u00e9parez-vous \u00e0 r\u00e9v\u00e9ler la puret\u00e9 sauvage de Savage Rabbit \u2013 douce, raffin\u00e9e et pr\u00eate pour l\u2019aventure.<\/strong><\/strong><\/p>","protected":false},"featured_media":967,"template":"","meta":[],"product_brand":[],"product_cat":[519,550],"product_tag":[],"class_list":{"0":"post-966","1":"product","2":"type-product","3":"status-publish","4":"has-post-thumbnail","6":"product_cat-nicolaus","7":"product_cat-ultra-pure","10":"instock","11":"shipping-taxable","12":"product-type-simple"},"_links":{"self":[{"href":"https:\/\/laradistribution.be\/fr\/wp-json\/wp\/v2\/product\/966","targetHints":{"allow":["GET"]}}],"collection":[{"href":"https:\/\/laradistribution.be\/fr\/wp-json\/wp\/v2\/product"}],"about":[{"href":"https:\/\/laradistribution.be\/fr\/wp-json\/wp\/v2\/types\/product"}],"wp:featuredmedia":[{"embeddable":true,"href":"https:\/\/laradistribution.be\/fr\/wp-json\/wp\/v2\/media\/967"}],"wp:attachment":[{"href":"https:\/\/laradistribution.be\/fr\/wp-json\/wp\/v2\/media?parent=966"}],"wp:term":[{"taxonomy":"product_brand","embeddable":true,"href":"https:\/\/laradistribution.be\/fr\/wp-json\/wp\/v2\/product_brand?post=966"},{"taxonomy":"product_cat","embeddable":true,"href":"https:\/\/laradistribution.be\/fr\/wp-json\/wp\/v2\/product_cat?post=966"},{"taxonomy":"product_tag","embeddable":true,"href":"https:\/\/laradistribution.be\/fr\/wp-json\/wp\/v2\/product_tag?post=966"}],"curies":[{"name":"wp","href":"https:\/\/api.w.org\/{rel}","templated":true}]}}