{"id":977,"date":"2026-01-20T19:57:12","date_gmt":"2026-01-20T18:57:12","guid":{"rendered":"https:\/\/laradistribution.be\/?post_type=product&#038;p=977"},"modified":"2026-01-20T20:11:00","modified_gmt":"2026-01-20T19:11:00","slug":"jon-rye-wanted","status":"publish","type":"product","link":"https:\/\/laradistribution.be\/fr\/produit\/jon-rye-wanted\/","title":{"rendered":"Jon Rye Wanted 40% 0,7l"},"content":{"rendered":"","protected":false},"excerpt":{"rendered":"<p class=\"translation-block\">Jon Rye Wanted est un nouveau whiskey slovaque qui rejette d\u00e9lib\u00e9r\u00e9ment les r\u00e9cits traditionnels et les pedigrees des marques anciennes.<\/p>\n<p class=\"translation-block\">Il s\u2019agit d\u2019un assemblage de seigle continental, doublement distill\u00e9 dans des alambics en cuivre afin d\u2019obtenir toute la complexit\u00e9 et la profondeur aromatique. Bien qu\u2019il provienne de Slovaquie, son origine n\u2019est pas mise en avant sur l\u2019\u00e9tiquette \u2014 au contraire, le \u201csilence\u201d d\u00e9lib\u00e9r\u00e9 sur son origine fait partie de l\u2019ADN rebelle de la marque. Le whiskey est pr\u00e9sent\u00e9 de mani\u00e8re simple et honn\u00eate : \u201cpas de contes de f\u00e9es, juste le go\u00fbt\u201d.<\/p>\n<p>Le profil de Jon Rye Wanted est audacieux tout en restant soyeux. Le nez r\u00e9v\u00e8le des notes de vanille, de p\u00eache, d\u2019abricot beurr\u00e9 ainsi que l\u2019\u00e9pice typique du seigle. En bouche, il est riche, associant douceur et \u00e9pices, tout en conservant une grande buvabilit\u00e9 et un caract\u00e8re facile \u00e0 retenir.<\/p>\n<p class=\"translation-block\">C\u2019est un whiskey destin\u00e9 \u00e0 celles et ceux qui recherchent de l\u2019expression, de l\u2019authenticit\u00e9 et une \u201c\u00e9pice de seigle\u201d inimitable dans leur verre.<\/p>\n<p class=\"translation-block\">Il se pr\u00eate avant tout \u00e0 une d\u00e9gustation simple \u2014 pur, sur glace ou m\u00eame en \u201cshot apr\u00e8s une bi\u00e8re\u201d, ce qui fait partie de son positionnement. Ce n\u2019est pas un whiskey qui pr\u00e9tend \u00eatre noble: c\u2019est un rebelle au bar dont le message est clair: \u201cTais-toi et savoure.\u201d<\/p>\n<p><strong>Les bouteilles contiennent 40 % d\u2019alcool et ont une contenance de 0,7 l.<\/strong><\/p>","protected":false},"featured_media":978,"template":"","meta":[],"product_brand":[],"product_cat":[551,552],"product_tag":[],"class_list":{"0":"post-977","1":"product","2":"type-product","3":"status-publish","4":"has-post-thumbnail","6":"product_cat-all","7":"product_cat-whisky","10":"instock","11":"shipping-taxable","12":"product-type-simple"},"_links":{"self":[{"href":"https:\/\/laradistribution.be\/fr\/wp-json\/wp\/v2\/product\/977","targetHints":{"allow":["GET"]}}],"collection":[{"href":"https:\/\/laradistribution.be\/fr\/wp-json\/wp\/v2\/product"}],"about":[{"href":"https:\/\/laradistribution.be\/fr\/wp-json\/wp\/v2\/types\/product"}],"wp:featuredmedia":[{"embeddable":true,"href":"https:\/\/laradistribution.be\/fr\/wp-json\/wp\/v2\/media\/978"}],"wp:attachment":[{"href":"https:\/\/laradistribution.be\/fr\/wp-json\/wp\/v2\/media?parent=977"}],"wp:term":[{"taxonomy":"product_brand","embeddable":true,"href":"https:\/\/laradistribution.be\/fr\/wp-json\/wp\/v2\/product_brand?post=977"},{"taxonomy":"product_cat","embeddable":true,"href":"https:\/\/laradistribution.be\/fr\/wp-json\/wp\/v2\/product_cat?post=977"},{"taxonomy":"product_tag","embeddable":true,"href":"https:\/\/laradistribution.be\/fr\/wp-json\/wp\/v2\/product_tag?post=977"}],"curies":[{"name":"wp","href":"https:\/\/api.w.org\/{rel}","templated":true}]}}